{"id":53,"date":"2009-03-02T11:20:59","date_gmt":"2009-03-02T17:20:59","guid":{"rendered":"http:\/\/www.distribuciondinamica.com\/?page_id=53"},"modified":"2009-11-05T13:07:49","modified_gmt":"2009-11-05T19:07:49","slug":"blitz-y-caravanas","status":"publish","type":"page","link":"https:\/\/www.distribuciondinamica.com\/?page_id=53","title":{"rendered":"Blitz y Caravanas"},"content":{"rendered":"<p style=\"text-align: justify;\"><strong><span style=\"color: #003366;\"><img loading=\"lazy\" decoding=\"async\" class=\"alignleft\" title=\"bli\" src=\"http:\/\/www.distribuciondinamica.com\/wp-content\/uploads\/2009\/02\/blitz.jpg\" alt=\"\" width=\"300\" height=\"336\" \/> Auto<\/span><\/strong><\/p>\n<p style=\"text-align: justify;\">Este servicio esta dise\u00f1ado para ejecutivos que visitan agencias de viajes o cuentas comerciales en las ciudades de cobertura. El servicio se realiza rentando un auto de modelo reciente con aire acondicionado, incluyendo la experiencia de un chofer-gu\u00eda especializado en su zona de cobertura que le llevar\u00e1 sin contratiempos a las agencias de viajes ya zonificadas y en ruta para optimizar sus visitas.<\/p>\n<p style=\"text-align: justify;\">Este servicio puede ser flexible ya que podemos segmentar las agencias dependiendo el perfil que su empresa requiera, lo que hace mas efectiva y directa su vista incluyendo, adem\u00e1s, gasolina, estacionamientos y si la zona contratada lo requiere, casetas y vi\u00e1ticos del chofer.<\/p>\n<p style=\"text-align: justify;\">El ritmo de visitas definitivamente lo lleva el cliente pero tenemos contemplado un promedio de 30 a 35 agencias visitadas por d\u00eda, dependiendo tambi\u00e9n de la concentraci\u00f3n de domicilios en una sola zona.<\/p>\n<p style=\"text-align: justify;\">Las tarifas cotizadas para este servicio son por d\u00eda por auto. Este servicio le incluye, si as\u00ed lo prefiere el cliente, recepci\u00f3n en el aeropuerto o terminal de autob\u00fas redondo y traslado a su hotel para registro, diez horas efectivas de servicio (9:00-19:00 hrs.), visitando agencias de viajes o cuentas comerciales, traslado al lugar indicado por el cliente, esto en las ciudades donde no sea necesario salir a carretera. En las zonas que necesiten los traslados de ciudad a ciudad adem\u00e1s de las 10 horas efectivas la tarifa ya incluye el excedente de horas necesarias para cubrir estas distancias. Para reservar este servicio se recomienda hacerlo con anticipaci\u00f3n v\u00eda e-mail o telef\u00f3nicamente, y se confirma \u00e9sta en el momento de hacer un dep\u00f3sito del 50% en nuestra cuenta bancaria y el 50% restante al iniciar el blitz, entregando la factura original.<\/p>\n<p style=\"text-align: justify;\"><strong>Promoci\u00f3n Permanente:<\/strong> Si su blitz es para visitar agencias de viajes en Guadalajara y se contrata 3 d\u00edas m\u00ednimo, al resto de las agencias que no se alcancen a visitar le entregamos su material v\u00eda nuestra mensajer\u00eda sin costo adicional.<\/p>\n<p style=\"text-align: justify;\"><span style=\"color: #003366;\"><strong>Caravanas<\/strong><\/span><\/p>\n<p style=\"text-align: justify;\">Podemos trazar rutas de dos o varias ciudades o zonas para realizar blitz en agencias de viajes para un cliente o varios, en auto o camionetas tipo Van. Estas se cotizan seg\u00fan el trazo realizado.<\/p>\n<p style=\"text-align: justify;\">\n<p style=\"text-align: justify;\">\n<p style=\"text-align: justify;\">\n<p style=\"text-align: justify;\">\n<p style=\"text-align: justify;\">\n<p style=\"text-align: justify;\">\u00a0<\/p>\n","protected":false},"excerpt":{"rendered":"<p>Auto Este servicio esta dise\u00f1ado para ejecutivos que visitan agencias de viajes o cuentas comerciales en las ciudades de cobertura. El servicio se realiza rentando&#8230;<\/p>\n","protected":false},"author":1,"featured_media":0,"parent":55,"menu_order":0,"comment_status":"open","ping_status":"open","template":"","meta":{"footnotes":""},"class_list":["post-53","page","type-page","status-publish","hentry"],"_links":{"self":[{"href":"https:\/\/www.distribuciondinamica.com\/index.php?rest_route=\/wp\/v2\/pages\/53","targetHints":{"allow":["GET"]}}],"collection":[{"href":"https:\/\/www.distribuciondinamica.com\/index.php?rest_route=\/wp\/v2\/pages"}],"about":[{"href":"https:\/\/www.distribuciondinamica.com\/index.php?rest_route=\/wp\/v2\/types\/page"}],"author":[{"embeddable":true,"href":"https:\/\/www.distribuciondinamica.com\/index.php?rest_route=\/wp\/v2\/users\/1"}],"replies":[{"embeddable":true,"href":"https:\/\/www.distribuciondinamica.com\/index.php?rest_route=%2Fwp%2Fv2%2Fcomments&post=53"}],"version-history":[{"count":0,"href":"https:\/\/www.distribuciondinamica.com\/index.php?rest_route=\/wp\/v2\/pages\/53\/revisions"}],"up":[{"embeddable":true,"href":"https:\/\/www.distribuciondinamica.com\/index.php?rest_route=\/wp\/v2\/pages\/55"}],"wp:attachment":[{"href":"https:\/\/www.distribuciondinamica.com\/index.php?rest_route=%2Fwp%2Fv2%2Fmedia&parent=53"}],"curies":[{"name":"wp","href":"https:\/\/api.w.org\/{rel}","templated":true}]}}