{"id":51,"date":"2009-03-02T11:20:27","date_gmt":"2009-03-02T17:20:27","guid":{"rendered":"http:\/\/www.distribuciondinamica.com\/?page_id=51"},"modified":"2009-03-02T11:24:10","modified_gmt":"2009-03-02T17:24:10","slug":"eventos","status":"publish","type":"page","link":"https:\/\/www.distribuciondinamica.com\/?page_id=51","title":{"rendered":"Eventos"},"content":{"rendered":"<p style=\"text-align: justify;\"><strong><span style=\"color: #003366;\"><img loading=\"lazy\" decoding=\"async\" class=\"alignleft\" title=\"eve\" src=\"http:\/\/www.distribuciondinamica.com\/wp-content\/uploads\/2009\/02\/eventos.jpg\" alt=\"\" width=\"300\" height=\"450\" \/>Organizaci\u00f3n<\/span><\/strong><\/p>\n<p style=\"text-align: justify;\">Tenemos la experiencia y los recursos para apoyar en la planeaci\u00f3n, organizaci\u00f3n y coordinaci\u00f3n de eventos para la industria tur\u00edstica, desde un desayuno hasta una expo.<\/p>\n<p style=\"text-align: justify;\"><span style=\"color: #003366;\"><strong>Promoci\u00f3n y Difusi\u00f3n<\/strong><\/span><\/p>\n<p style=\"text-align: justify;\">Utilizando novedosos y efectivos m\u00e9todos de promoci\u00f3n y difusi\u00f3n apoyamos a que su evento sea un \u00e9xito en cuanto a asistencias y desarrollo del mismo.<\/p>\n","protected":false},"excerpt":{"rendered":"<p>Organizaci\u00f3n Tenemos la experiencia y los recursos para apoyar en la planeaci\u00f3n, organizaci\u00f3n y coordinaci\u00f3n de eventos para la industria tur\u00edstica, desde un desayuno hasta&#8230;<\/p>\n","protected":false},"author":1,"featured_media":0,"parent":55,"menu_order":0,"comment_status":"open","ping_status":"open","template":"","meta":{"footnotes":""},"class_list":["post-51","page","type-page","status-publish","hentry"],"_links":{"self":[{"href":"https:\/\/www.distribuciondinamica.com\/index.php?rest_route=\/wp\/v2\/pages\/51","targetHints":{"allow":["GET"]}}],"collection":[{"href":"https:\/\/www.distribuciondinamica.com\/index.php?rest_route=\/wp\/v2\/pages"}],"about":[{"href":"https:\/\/www.distribuciondinamica.com\/index.php?rest_route=\/wp\/v2\/types\/page"}],"author":[{"embeddable":true,"href":"https:\/\/www.distribuciondinamica.com\/index.php?rest_route=\/wp\/v2\/users\/1"}],"replies":[{"embeddable":true,"href":"https:\/\/www.distribuciondinamica.com\/index.php?rest_route=%2Fwp%2Fv2%2Fcomments&post=51"}],"version-history":[{"count":0,"href":"https:\/\/www.distribuciondinamica.com\/index.php?rest_route=\/wp\/v2\/pages\/51\/revisions"}],"up":[{"embeddable":true,"href":"https:\/\/www.distribuciondinamica.com\/index.php?rest_route=\/wp\/v2\/pages\/55"}],"wp:attachment":[{"href":"https:\/\/www.distribuciondinamica.com\/index.php?rest_route=%2Fwp%2Fv2%2Fmedia&parent=51"}],"curies":[{"name":"wp","href":"https:\/\/api.w.org\/{rel}","templated":true}]}}