{"id":45,"date":"2009-03-02T11:18:43","date_gmt":"2009-03-02T17:18:43","guid":{"rendered":"http:\/\/www.distribuciondinamica.com\/?page_id=45"},"modified":"2009-03-02T11:24:57","modified_gmt":"2009-03-02T17:24:57","slug":"mensajeria-fisica","status":"publish","type":"page","link":"https:\/\/www.distribuciondinamica.com\/?page_id=45","title":{"rendered":"Mensajer\u00eda f\u00edsica"},"content":{"rendered":"<p style=\"text-align: justify;\"><strong><span style=\"color: #000080;\">Tur\u00edstica<img loading=\"lazy\" decoding=\"async\" class=\"alignright\" title=\"menf\" src=\"http:\/\/www.distribuciondinamica.com\/wp-content\/uploads\/2009\/02\/mensajeria-fisica.jpg\" alt=\"\" width=\"300\" height=\"243\" \/><br \/>\n<\/span><\/strong><\/p>\n<p style=\"text-align: justify;\">Contamos con una infraestructura humana y t\u00e9cnica capacitada as\u00ed como canales de distribuci\u00f3n r\u00e1pidos, confiables y eficientes.<\/p>\n<p style=\"text-align: justify;\">Hacemos llegar de manera personal a las agencias de viajes y a la industria tur\u00edstica en general cualquier cosa que nuestros clientes requieran difundir. Garantizamos que el material es aprovechado al m\u00e1ximo, ya que no se pierde por que un domicilio esta mal o cambi\u00f3 una agencia de viajes ya que constantemente es actualizada la base de datos, por lo que cualquier cambio, baja o alta es detectada y reportada a tiempo. Comprobamos las entregas con acuse de recibo.<\/p>\n<p style=\"text-align: justify;\"><strong><span style=\"color: #000080;\">Empresarial<\/span><\/strong><\/p>\n<p style=\"text-align: justify;\">En cuenta comercial en Guadalajara, Cd. de M\u00e9xico y Monterrey.<\/p>\n","protected":false},"excerpt":{"rendered":"<p>Tur\u00edstica Contamos con una infraestructura humana y t\u00e9cnica capacitada as\u00ed como canales de distribuci\u00f3n r\u00e1pidos, confiables y eficientes. Hacemos llegar de manera personal a las&#8230;<\/p>\n","protected":false},"author":1,"featured_media":0,"parent":55,"menu_order":0,"comment_status":"open","ping_status":"open","template":"","meta":{"footnotes":""},"class_list":["post-45","page","type-page","status-publish","hentry"],"_links":{"self":[{"href":"https:\/\/www.distribuciondinamica.com\/index.php?rest_route=\/wp\/v2\/pages\/45","targetHints":{"allow":["GET"]}}],"collection":[{"href":"https:\/\/www.distribuciondinamica.com\/index.php?rest_route=\/wp\/v2\/pages"}],"about":[{"href":"https:\/\/www.distribuciondinamica.com\/index.php?rest_route=\/wp\/v2\/types\/page"}],"author":[{"embeddable":true,"href":"https:\/\/www.distribuciondinamica.com\/index.php?rest_route=\/wp\/v2\/users\/1"}],"replies":[{"embeddable":true,"href":"https:\/\/www.distribuciondinamica.com\/index.php?rest_route=%2Fwp%2Fv2%2Fcomments&post=45"}],"version-history":[{"count":0,"href":"https:\/\/www.distribuciondinamica.com\/index.php?rest_route=\/wp\/v2\/pages\/45\/revisions"}],"up":[{"embeddable":true,"href":"https:\/\/www.distribuciondinamica.com\/index.php?rest_route=\/wp\/v2\/pages\/55"}],"wp:attachment":[{"href":"https:\/\/www.distribuciondinamica.com\/index.php?rest_route=%2Fwp%2Fv2%2Fmedia&parent=45"}],"curies":[{"name":"wp","href":"https:\/\/api.w.org\/{rel}","templated":true}]}}