{"id":43,"date":"2009-03-02T11:18:15","date_gmt":"2009-03-02T17:18:15","guid":{"rendered":"http:\/\/www.distribuciondinamica.com\/?page_id=43"},"modified":"2009-03-02T11:25:17","modified_gmt":"2009-03-02T17:25:17","slug":"telemarketing","status":"publish","type":"page","link":"https:\/\/www.distribuciondinamica.com\/?page_id=43","title":{"rendered":"Telemarketing"},"content":{"rendered":"<p style=\"text-align: justify;\"><img loading=\"lazy\" decoding=\"async\" class=\"alignleft\" title=\"tele\" src=\"http:\/\/www.distribuciondinamica.com\/wp-content\/uploads\/2009\/02\/telemarketing.jpg\" alt=\"\" width=\"300\" height=\"217\" \/>Contamos con bases de datos actualizadas tanto de agencias de viajes y cuentas comerciales por lo que podemos realizar:<\/p>\n<p style=\"text-align: justify;\"><strong><span style=\"color: #003366;\">Convocatorias<\/span><\/strong><\/p>\n<p style=\"text-align: justify;\">Se realizan estas para atraer asistencias a eventos de la industria tur\u00edstica y por diferentes medios y recursos.<\/p>\n<p style=\"text-align: justify;\"><strong><span style=\"color: #003366;\">Confirmaciones<\/span><\/strong><\/p>\n<p style=\"text-align: justify;\">Se crean registros que arrojan las confirmaciones de las convocatorias y estas se dan a nuestros clientes para que estimen sus garant\u00edas o tengan una expectativa m\u00e1s real de cuantos invitados tendr\u00e1n en su evento.<\/p>\n<p style=\"text-align: justify;\"><span style=\"color: #003366;\">Bases de datos<\/span><\/p>\n<p style=\"text-align: justify;\">Utilizando las bases de datos podemos realizar promociones, encuestas, estudios de opini\u00f3n, solicitar citas.<\/p>\n","protected":false},"excerpt":{"rendered":"<p>Contamos con bases de datos actualizadas tanto de agencias de viajes y cuentas comerciales por lo que podemos realizar: Convocatorias Se realizan estas para atraer&#8230;<\/p>\n","protected":false},"author":1,"featured_media":0,"parent":55,"menu_order":0,"comment_status":"open","ping_status":"open","template":"","meta":{"footnotes":""},"class_list":["post-43","page","type-page","status-publish","hentry"],"_links":{"self":[{"href":"https:\/\/www.distribuciondinamica.com\/index.php?rest_route=\/wp\/v2\/pages\/43","targetHints":{"allow":["GET"]}}],"collection":[{"href":"https:\/\/www.distribuciondinamica.com\/index.php?rest_route=\/wp\/v2\/pages"}],"about":[{"href":"https:\/\/www.distribuciondinamica.com\/index.php?rest_route=\/wp\/v2\/types\/page"}],"author":[{"embeddable":true,"href":"https:\/\/www.distribuciondinamica.com\/index.php?rest_route=\/wp\/v2\/users\/1"}],"replies":[{"embeddable":true,"href":"https:\/\/www.distribuciondinamica.com\/index.php?rest_route=%2Fwp%2Fv2%2Fcomments&post=43"}],"version-history":[{"count":0,"href":"https:\/\/www.distribuciondinamica.com\/index.php?rest_route=\/wp\/v2\/pages\/43\/revisions"}],"up":[{"embeddable":true,"href":"https:\/\/www.distribuciondinamica.com\/index.php?rest_route=\/wp\/v2\/pages\/55"}],"wp:attachment":[{"href":"https:\/\/www.distribuciondinamica.com\/index.php?rest_route=%2Fwp%2Fv2%2Fmedia&parent=43"}],"curies":[{"name":"wp","href":"https:\/\/api.w.org\/{rel}","templated":true}]}}