{"id":37,"date":"2009-03-02T11:14:22","date_gmt":"2009-03-02T17:14:22","guid":{"rendered":"http:\/\/www.distribuciondinamica.com\/?page_id=37"},"modified":"2015-10-26T14:12:13","modified_gmt":"2015-10-26T20:12:13","slug":"datos-generales","status":"publish","type":"page","link":"https:\/\/www.distribuciondinamica.com\/?page_id=37","title":{"rendered":"Datos Generales"},"content":{"rendered":"<p><!-- .Estilo1 { color: #003366; font-weight: bold; font-family: Arial, Helvetica, sans-serif; font-size: 10pt; } .Estilo2 { font-family: Arial, Helvetica, sans-serif; font-weight: bold; } .Estilo4 { font-size: 10pt } .Estilo6 {font-family: Arial, Helvetica, sans-serif; font-size: 10pt; } --><\/p>\n<div>\n<table border=\"0\" width=\"580\" cellspacing=\"10\" cellpadding=\"0\">\n<tbody>\n<tr>\n<td width=\"243\">\n<div style=\"text-align: right;\"><strong><span class=\"Estilo6\" style=\"color: #003366;\">Nombre Comercial<\/span><\/strong><\/div>\n<\/td>\n<td width=\"307\"><strong><span class=\"Estilo6\" style=\"color: #003366;\"><img loading=\"lazy\" decoding=\"async\" class=\"alignleft\" title=\"ldd\" src=\"http:\/\/www.distribuciondinamica.com\/wp-content\/uploads\/2009\/02\/logo_distribucion_dinamica.jpg\" alt=\"dd\" width=\"250\" height=\"88\" \/><\/span><\/strong><\/td>\n<td><\/td>\n<td><\/td>\n<\/tr>\n<tr>\n<td>\n<div style=\"text-align: right;\"><\/div>\n<\/td>\n<td><\/td>\n<\/tr>\n<tr>\n<td>\n<div style=\"text-align: right;\"><strong><span class=\"Estilo6\" style=\"color: #003366;\">Tel\u00e9fonos<\/span><\/strong><\/div>\n<\/td>\n<td><span class=\"Estilo6\">(0133) 3647-1294\/95<\/span><\/td>\n<\/tr>\n<tr>\n<td>\n<div style=\"text-align: right;\"><span class=\"Estilo6\" style=\"color: #003366;\"><strong>D&amp;D Direcci\u00f3n<\/strong><\/span><\/div>\n<\/td>\n<td><span class=\"Estilo6\">Jes\u00fas Romero Palacios<\/span><\/td>\n<\/tr>\n<tr>\n<td><\/td>\n<td>\n<p class=\"Estilo6\"><a href=\"mailto:direccion@distribuciondinamica.com\">direccion@distribuciondinamica.com<\/a><\/p>\n<\/td>\n<\/tr>\n<tr>\n<td>\n<div style=\"text-align: right;\"><strong><span class=\"Estilo6\" style=\"color: #003366;\">Administraci\u00f3n<\/span><\/strong><\/div>\n<\/td>\n<td>\u00a0administracion@distribuciondinamica.com<\/td>\n<\/tr>\n<tr>\n<td>\n<div style=\"text-align: right;\"><span class=\"Estilo6\">confirma.tuasistencia@hotmail.com<\/span><\/div>\n<p>&nbsp;<\/td>\n<td><\/td>\n<\/tr>\n<tr>\n<td>\n<div style=\"text-align: right;\"><strong><span class=\"Estilo6\" style=\"color: #003366;\">D&amp;D Ventas<\/span><\/strong><\/div>\n<\/td>\n<td><a class=\"Estilo6\" href=\"mailto:ventas@distribuciondinamica.com\">ventas@distribuciondinamica.com<\/a><\/td>\n<\/tr>\n<tr>\n<td>\n<div style=\"text-align: right;\"><strong><span class=\"Estilo6\" style=\"color: #003366;\">D&amp;D Eventos<\/span><\/strong><\/div>\n<\/td>\n<td><a class=\"Estilo6\" href=\"mailto:eventos@distribuciondinamica.com\">eventos@distribuciondinamica.com<\/a><\/td>\n<\/tr>\n<tr>\n<td>\n<div style=\"text-align: right;\"><strong><span class=\"Estilo6\" style=\"color: #003366;\">D&amp;D Internet<\/span><\/strong><\/div>\n<\/td>\n<td><span class=\"Estilo6\">L.D.C.G Jorge Hern\u00e1ndez Corona<\/span><\/td>\n<\/tr>\n<tr>\n<td><\/td>\n<td><a class=\"Estilo6\" href=\"mailto:jorge@distribuciondinamica.com\">jorge@distribuciondinamica.com<\/a><\/td>\n<\/tr>\n<tr>\n<td>\n<div style=\"text-align: right;\"><strong><span class=\"Estilo6\" style=\"color: #003366;\">Jefe depto. de Distribuci\u00f3n<\/span><\/strong><\/div>\n<\/td>\n<td>Jos\u00e9 Gomez castillo<\/td>\n<\/tr>\n<tr>\n<td>\n<div style=\"text-align: right;\"><a class=\"Estilo6\" href=\"mailto:comunidadturistica@distribuciondinamica.com\">comunidadturistica@distribuciondinamica.com<\/a><\/div>\n<\/td>\n<td><a class=\"Estilo6\" href=\"mailto:jose@distribuciondinamica.com\">jose@distribuciondinamica.com<\/a><\/td>\n<\/tr>\n<\/tbody>\n<\/table>\n<\/div>\n","protected":false},"excerpt":{"rendered":"<p>Nombre Comercial Tel\u00e9fonos (0133) 3647-1294\/95 D&amp;D Direcci\u00f3n Jes\u00fas Romero Palacios direccion@distribuciondinamica.com Administraci\u00f3n \u00a0administracion@distribuciondinamica.com confirma.tuasistencia@hotmail.com &nbsp; D&amp;D Ventas ventas@distribuciondinamica.com D&amp;D Eventos eventos@distribuciondinamica.com D&amp;D Internet L.D.C.G Jorge&#8230;<\/p>\n","protected":false},"author":1,"featured_media":0,"parent":41,"menu_order":0,"comment_status":"open","ping_status":"open","template":"","meta":{"footnotes":""},"class_list":["post-37","page","type-page","status-publish","hentry"],"_links":{"self":[{"href":"https:\/\/www.distribuciondinamica.com\/index.php?rest_route=\/wp\/v2\/pages\/37","targetHints":{"allow":["GET"]}}],"collection":[{"href":"https:\/\/www.distribuciondinamica.com\/index.php?rest_route=\/wp\/v2\/pages"}],"about":[{"href":"https:\/\/www.distribuciondinamica.com\/index.php?rest_route=\/wp\/v2\/types\/page"}],"author":[{"embeddable":true,"href":"https:\/\/www.distribuciondinamica.com\/index.php?rest_route=\/wp\/v2\/users\/1"}],"replies":[{"embeddable":true,"href":"https:\/\/www.distribuciondinamica.com\/index.php?rest_route=%2Fwp%2Fv2%2Fcomments&post=37"}],"version-history":[{"count":0,"href":"https:\/\/www.distribuciondinamica.com\/index.php?rest_route=\/wp\/v2\/pages\/37\/revisions"}],"up":[{"embeddable":true,"href":"https:\/\/www.distribuciondinamica.com\/index.php?rest_route=\/wp\/v2\/pages\/41"}],"wp:attachment":[{"href":"https:\/\/www.distribuciondinamica.com\/index.php?rest_route=%2Fwp%2Fv2%2Fmedia&parent=37"}],"curies":[{"name":"wp","href":"https:\/\/api.w.org\/{rel}","templated":true}]}}