{"id":49,"date":"2009-03-02T11:19:50","date_gmt":"2009-03-02T17:19:50","guid":{"rendered":"http:\/\/www.distribuciondinamica.com\/?page_id=49"},"modified":"2009-03-02T11:23:26","modified_gmt":"2009-03-02T17:23:26","slug":"imagen-dinamica","status":"publish","type":"page","link":"http:\/\/www.distribuciondinamica.com\/?page_id=49","title":{"rendered":"Imagen Din\u00e1mica"},"content":{"rendered":"<p style=\"text-align: justify;\"><strong><span style=\"color: #003366;\"><img loading=\"lazy\" decoding=\"async\" class=\"alignleft\" title=\"ima\" src=\"http:\/\/www.distribuciondinamica.com\/wp-content\/uploads\/2009\/02\/imagendinamika.jpg\" alt=\"\" width=\"300\" height=\"166\" \/>Autos<\/span><\/strong><\/p>\n<p style=\"text-align: justify;\">Es nuestro nuevo servicio que promociona la imagen de su compa\u00f1\u00eda mediante la rotulaci\u00f3n de nuestros autos, utilizados en las distribuciones ordinarias de nuestro servicio de mensajer\u00eda causando impactos visuales ilimitados en los segmentos de mercado que un hotel, una l\u00ednea a\u00e9rea, una arrendadora, una naviera, las agencias de viajes y el cliente directo requieren, ya que circulan en v\u00eda publica. Esto combinado con servicios que vienen en paquetes, estos servicios ya incluidos son 100% consumibles y \u00fatiles, no son de relleno.<\/p>\n<p style=\"text-align: justify;\"><span style=\"color: #003366;\"><strong>Personal<\/strong><\/span><\/p>\n<p style=\"text-align: justify;\">Nuestra empresa mantiene un bajo promedio de rotaci\u00f3n, hablaremos en el caso especifico del personal de mensajeria, la casi nula rotaci\u00f3n le permite a nuestro personal de reparto tener confiabilidad y credibilidad ante las agencias y empresas del medio visitadas al realizar sus entregas. Ya son conocidos y bien recibidos.<\/p>\n<p style=\"text-align: justify;\">Nuestro personal puede portar camisetas, gorras, pines, logos y cualquier imagen impresa en su vestimenta.<\/p>\n<p style=\"text-align: justify;\"><strong><span style=\"color: #003366;\">Motorizada<\/span><\/strong><\/p>\n<p style=\"text-align: justify;\">Imagen impresa en la caja de reparto de las motocicletas utilizadas para entregas en la ciudad y en banderines.<\/p>\n","protected":false},"excerpt":{"rendered":"<p>Autos Es nuestro nuevo servicio que promociona la imagen de su compa\u00f1\u00eda mediante la rotulaci\u00f3n de nuestros autos, utilizados en las distribuciones ordinarias de nuestro&#8230;<\/p>\n","protected":false},"author":1,"featured_media":0,"parent":55,"menu_order":0,"comment_status":"open","ping_status":"open","template":"","meta":{"footnotes":""},"class_list":["post-49","page","type-page","status-publish","hentry"],"_links":{"self":[{"href":"http:\/\/www.distribuciondinamica.com\/index.php?rest_route=\/wp\/v2\/pages\/49","targetHints":{"allow":["GET"]}}],"collection":[{"href":"http:\/\/www.distribuciondinamica.com\/index.php?rest_route=\/wp\/v2\/pages"}],"about":[{"href":"http:\/\/www.distribuciondinamica.com\/index.php?rest_route=\/wp\/v2\/types\/page"}],"author":[{"embeddable":true,"href":"http:\/\/www.distribuciondinamica.com\/index.php?rest_route=\/wp\/v2\/users\/1"}],"replies":[{"embeddable":true,"href":"http:\/\/www.distribuciondinamica.com\/index.php?rest_route=%2Fwp%2Fv2%2Fcomments&post=49"}],"version-history":[{"count":0,"href":"http:\/\/www.distribuciondinamica.com\/index.php?rest_route=\/wp\/v2\/pages\/49\/revisions"}],"up":[{"embeddable":true,"href":"http:\/\/www.distribuciondinamica.com\/index.php?rest_route=\/wp\/v2\/pages\/55"}],"wp:attachment":[{"href":"http:\/\/www.distribuciondinamica.com\/index.php?rest_route=%2Fwp%2Fv2%2Fmedia&parent=49"}],"curies":[{"name":"wp","href":"https:\/\/api.w.org\/{rel}","templated":true}]}}