{"id":39,"date":"2009-03-02T11:15:46","date_gmt":"2009-03-02T17:15:46","guid":{"rendered":"http:\/\/www.distribuciondinamica.com\/?page_id=39"},"modified":"2009-06-01T10:27:56","modified_gmt":"2009-06-01T16:27:56","slug":"altas-y-registros","status":"publish","type":"page","link":"http:\/\/www.distribuciondinamica.com\/?page_id=39","title":{"rendered":"Altas y Registros"},"content":{"rendered":"<p style=\"text-align: justify;\">\u00bfTienes una agencia de viajes y no recibes informaci\u00f3n tur\u00edstica de operadores, hoteles, revistas, etc.? Cont\u00e1ctanos, env\u00eda tus datos y lo haremos llegar sin costo.<\/p>\n<p><strong><span style=\"color: #003366;\">V\u00eda Correo Electr\u00f3nico:<\/span><\/strong><\/p>\n<p>registro@distribuciondinamica.com<\/p>\n<p><strong><span style=\"color: #003366;\">V\u00eda Formulario de Altas y Registros:<\/span><\/strong><\/p>\n<p>Favor de ingresar todos los datos correctos para el registro.<\/p>\n<p>\u00a0<\/p>\n<form action=\"http:\/\/distribuciondinamica.com\/cgi-sys\/FormMail.cgi\" enctype=\"multipart\/form-data\" method=\"post\"> <input name=\"recipient\" type=\"hidden\" value=\"registro@distribuciondinamica.com\" \/> <input name=\"subject\" type=\"hidden\" value=\"Altas y Registros\" \/> <input name=\"env_report\" type=\"hidden\" value=\"REMOTE_HOST,HTTP_USER_AGENT\" \/> <input name=\"redirect\" type=\"hidden\" value=\"http:\/\/www.distribuciondinamica.com\/web\/?page_id=67\" \/>\u00a0<\/p>\n<table id=\"AutoNumber13\" style=\"border-collapse: collapse\" border=\"0\" cellspacing=\"3\" cellpadding=\"3\" width=\"432\" bordercolor=\"#111111\">\n<tbody>\n<tr>\n<td style=\"font-family: Arial, Helvetica, sans-serif; font-size: 8pt; color: #E0E0E0\" width=\"182\"><strong><span style=\"font-family: Verdana; color: #000000; font-size: xx-small; \">Empresa:<\/span><\/strong><\/td>\n<td style=\"font-family: Arial, Helvetica, sans-serif; font-size: 8pt; color: #E0E0E0\" width=\"258\"><input name=\"Empresa\" size=\"30\" type=\"text\" \/><\/td>\n<\/tr>\n<tr>\n<td style=\"font-family: Arial, Helvetica, sans-serif; font-size: 8pt; color: #E0E0E0\" width=\"182\"><strong><span style=\"font-family: Verdana; color: #000000; font-size: xx-small; \">Nombre:<\/span><\/strong><\/td>\n<td style=\"font-family: Arial, Helvetica, sans-serif; font-size: 8pt; color: #E0E0E0\" width=\"258\"><input name=\"Nombre\" size=\"30\" type=\"text\" \/><\/td>\n<\/tr>\n<tr>\n<td style=\"font-family: Arial, Helvetica, sans-serif; font-size: 8pt; color: #E0E0E0\" width=\"182\"><strong><span style=\"font-family: Verdana; color: #000000; font-size: xx-small; \">Tel\u00e9fono:<\/span><\/strong><\/td>\n<td style=\"font-family: Arial, Helvetica, sans-serif; font-size: 8pt; color: #E0E0E0\" width=\"258\"><input name=\"Telefono\" size=\"30\" type=\"text\" \/><\/td>\n<\/tr>\n<tr>\n<td style=\"font-family: Arial, Helvetica, sans-serif; font-size: 8pt; color: #E0E0E0\" width=\"182\"><strong><span style=\"font-family: Verdana; color: #000000; font-size: xx-small; \">Direcci\u00f3n:<\/span><\/strong><\/td>\n<td style=\"font-family: Arial, Helvetica, sans-serif; font-size: 8pt; color: #E0E0E0\" width=\"258\"><input name=\"Direccion\" size=\"30\" type=\"text\" \/><\/td>\n<\/tr>\n<tr>\n<td style=\"font-family: Arial, Helvetica, sans-serif; font-size: 8pt; color: #E0E0E0\" width=\"182\"><strong><span style=\"font-family: Verdana; color: #000000; font-size: xx-small; \">Ciudad:<\/span><\/strong><\/td>\n<td style=\"font-family: Arial, Helvetica, sans-serif; font-size: 8pt; color: #E0E0E0\" width=\"258\"><input name=\"Ciudad\" size=\"30\" type=\"text\" \/><\/td>\n<\/tr>\n<tr>\n<td style=\"font-family: Arial, Helvetica, sans-serif; font-size: 8pt; color: #E0E0E0\" width=\"182\"><strong><span style=\"font-family: Verdana; color: #000000; font-size: xx-small; \">E-mail:<\/span><\/strong><\/td>\n<td style=\"font-family: Arial, Helvetica, sans-serif; font-size: 8pt; color: #E0E0E0\" width=\"258\"><input name=\"email\" size=\"30\" type=\"text\" \/><\/td>\n<\/tr>\n<tr>\n<td style=\"font-family: Arial, Helvetica, sans-serif; font-size: 8pt; color: #E0E0E0\" width=\"182\"><strong><span style=\"font-family: Verdana; color: #000000; font-size: xx-small; \">Pagina Web:<\/span><\/strong><\/td>\n<td style=\"font-family: Arial, Helvetica, sans-serif; font-size: 8pt; color: #E0E0E0\" width=\"258\"><input name=\"URL\" size=\"30\" type=\"text\" \/><\/td>\n<\/tr>\n<tr>\n<td style=\"font-family: Arial, Helvetica, sans-serif; font-size: 8pt; color: #E0E0E0\" width=\"182\"><strong><span style=\"font-family: Verdana; color: #000000; font-size: xx-small; \">MSN messenger:<\/span><\/strong><\/td>\n<td style=\"font-family: Arial, Helvetica, sans-serif; font-size: 8pt; color: #E0E0E0\" width=\"258\"><input name=\"MSN\" size=\"30\" type=\"text\" \/><\/td>\n<\/tr>\n<\/tbody>\n<\/table>\n<table style=\"border-collapse: collapse\" border=\"0\" cellspacing=\"0\" cellpadding=\"0\" width=\"432\" bordercolor=\"#111111\">\n<tbody>\n<tr>\n<td width=\"100%\"><input name=\"Giro\" type=\"radio\" value=\"Minorista\" \/> <strong><span style=\"font-family: Verdana; color: #000000; font-size: xx-small; \">Agencia de Viajes Minorista<\/span><\/strong><\/td>\n<\/tr>\n<tr>\n<td width=\"100%\"><input name=\"Giro\" type=\"radio\" value=\"Arrendadora\" \/> <strong><span style=\"font-family: Verdana; color: #000000; font-size: xx-small; \">Arrendadora<\/span><\/strong><\/td>\n<\/tr>\n<tr>\n<td width=\"100%\"><input name=\"Giro\" type=\"radio\" value=\"Globalizadora\" \/> <strong><span style=\"font-family: Verdana; font-size: xx-small; \">Globalizadora<\/span><\/strong><\/td>\n<\/tr>\n<tr>\n<td width=\"100%\"><input name=\"Giro\" type=\"radio\" value=\"Hotel\" \/> <strong><span style=\"font-family: Verdana; font-size: xx-small; \">Hotel<\/span><\/strong><\/td>\n<\/tr>\n<tr>\n<td width=\"100%\"><input name=\"Giro\" type=\"radio\" value=\"Aerolinea\" \/> <strong><span style=\"font-family: Verdana; font-size: xx-small; \">L\u00ednea A\u00e9rea<\/span><\/strong><\/td>\n<\/tr>\n<tr>\n<td width=\"100%\"><input name=\"Giro\" type=\"radio\" value=\"Mayorista_Nacional\" \/> <strong><span style=\"font-family: Verdana; font-size: xx-small; \">Operadora Mayorista Nacional<\/span><\/strong><\/td>\n<\/tr>\n<tr>\n<td width=\"100%\"><input name=\"Giro\" type=\"radio\" value=\"Mayorista_Internacional\" \/> <strong><span style=\"font-family: Verdana; font-size: xx-small; \">Operadora Mayorista Internacional<\/span><\/strong><\/td>\n<\/tr>\n<\/tbody>\n<\/table>\n<table id=\"AutoNumber17\" style=\"border-collapse: collapse\" border=\"0\" cellspacing=\"3\" cellpadding=\"3\" width=\"432\" bordercolor=\"#111111\">\n<tbody>\n<tr>\n<td style=\"font-family: Arial, Helvetica, sans-serif; font-size: 8pt; color: #E0E0E0\" width=\"182\"><strong><span style=\"font-family: Verdana; color: #000000; font-size: xx-small; \">Fecha de Nacimiento:<\/span><\/strong><\/td>\n<td style=\"font-family: Arial, Helvetica, sans-serif; font-size: 8pt; color: #E0E0E0\" width=\"258\">\n<table style=\"border-collapse: collapse\" border=\"0\" cellspacing=\"0\" cellpadding=\"0\" width=\"100%\" bordercolor=\"#111111\">\n<tbody>\n<tr>\n<td width=\"20%\"><select name=\"Dia\"><option>1 <\/option><option>2 <\/option><option>3 <\/option><option>4 <\/option><option>5 <\/option><option>6 <\/option><option>7 <\/option><option>8 <\/option><option>9 <\/option><option>10 <\/option><option>11 <\/option><option>12 <\/option><option>13 <\/option><option>14 <\/option><option>15 <\/option><option>16 <\/option><option>17 <\/option><option>18 <\/option><option>19 <\/option><option>20 <\/option><option>21 <\/option><option>22 <\/option><option>23 <\/option><option>24 <\/option><option>25 <\/option><option>26 <\/option><option>27 <\/option><option>28 <\/option><option>29 <\/option><option>30 <\/option><option>31 <\/option><\/select><\/td>\n<td width=\"41%\"><select name=\"Mes\"><option>enero <\/option><option>febrero <\/option><option>marzo <\/option><option>abril <\/option><option>mayo <\/option><option>junio <\/option><option>julio <\/option><option>agosto <\/option><option>Sep. <\/option><option>octubre <\/option><option>Nov. <\/option><option>diciembre <\/option><\/select><\/td>\n<td width=\"39%\"><input name=\"Ano\" size=\"13\" type=\"text\" \/><\/td>\n<\/tr>\n<\/tbody>\n<\/table>\n<\/td>\n<\/tr>\n<\/tbody>\n<\/table>\n<table id=\"AutoNumber10\" style=\"border-collapse: collapse\" border=\"0\" cellspacing=\"3\" cellpadding=\"3\" width=\"432\" bordercolor=\"#111111\">\n<tbody>\n<tr>\n<td width=\"182\"><strong><span style=\"font-family: Verdana; font-size: xx-small; \">Comentarios:<\/span><\/strong><\/td>\n<td width=\"258\"><textarea cols=\"21\" rows=\"4\" name=\"Mensaje\"><\/textarea><\/td>\n<\/tr>\n<\/tbody>\n<\/table>\n<table id=\"AutoNumber11\" style=\"border-collapse: collapse\" border=\"0\" cellspacing=\"3\" cellpadding=\"3\" width=\"395\" bordercolor=\"#111111\">\n<tbody>\n<tr>\n<td width=\"189\">\n<p align=\"center\">\u00a0<\/p>\n<\/td>\n<td width=\"185\">\n<p align=\"center\">\u00a0<\/p>\n<\/td>\n<\/tr>\n<tr>\n<td width=\"189\">\n<p align=\"center\"><input type=\"submit\" value=\"Enviar Formulario\" \/><\/p>\n<\/td>\n<td width=\"185\">\n<p align=\"center\"><input name=\"limpia\" type=\"reset\" value=\"Borrar Formulario\" \/><\/p>\n<\/td>\n<\/tr>\n<\/tbody>\n<\/table>\n<\/form>\n","protected":false},"excerpt":{"rendered":"<p>\u00bfTienes una agencia de viajes y no recibes informaci\u00f3n tur\u00edstica de operadores, hoteles, revistas, etc.? Cont\u00e1ctanos, env\u00eda tus datos y lo haremos llegar sin costo&#8230;.<\/p>\n","protected":false},"author":1,"featured_media":0,"parent":41,"menu_order":0,"comment_status":"open","ping_status":"open","template":"","meta":{"footnotes":""},"class_list":["post-39","page","type-page","status-publish","hentry"],"_links":{"self":[{"href":"http:\/\/www.distribuciondinamica.com\/index.php?rest_route=\/wp\/v2\/pages\/39","targetHints":{"allow":["GET"]}}],"collection":[{"href":"http:\/\/www.distribuciondinamica.com\/index.php?rest_route=\/wp\/v2\/pages"}],"about":[{"href":"http:\/\/www.distribuciondinamica.com\/index.php?rest_route=\/wp\/v2\/types\/page"}],"author":[{"embeddable":true,"href":"http:\/\/www.distribuciondinamica.com\/index.php?rest_route=\/wp\/v2\/users\/1"}],"replies":[{"embeddable":true,"href":"http:\/\/www.distribuciondinamica.com\/index.php?rest_route=%2Fwp%2Fv2%2Fcomments&post=39"}],"version-history":[{"count":0,"href":"http:\/\/www.distribuciondinamica.com\/index.php?rest_route=\/wp\/v2\/pages\/39\/revisions"}],"up":[{"embeddable":true,"href":"http:\/\/www.distribuciondinamica.com\/index.php?rest_route=\/wp\/v2\/pages\/41"}],"wp:attachment":[{"href":"http:\/\/www.distribuciondinamica.com\/index.php?rest_route=%2Fwp%2Fv2%2Fmedia&parent=39"}],"curies":[{"name":"wp","href":"https:\/\/api.w.org\/{rel}","templated":true}]}}