{"id":1781,"date":"2013-05-27T15:13:42","date_gmt":"2013-05-27T21:13:42","guid":{"rendered":"http:\/\/www.distribuciondinamica.com\/?page_id=1781"},"modified":"2015-10-26T14:41:12","modified_gmt":"2015-10-26T20:41:12","slug":"formulario-arlag","status":"publish","type":"page","link":"http:\/\/www.distribuciondinamica.com\/?page_id=1781","title":{"rendered":"Formato de Actualizaci\u00f3n"},"content":{"rendered":"<p class=\"wpcf7-contact-form-not-found\"><strong>Error:<\/strong> Formulario de contacto no encontrado.<\/p>\n<p><b><i>AVISO DE PRIVACIDAD<\/i><\/b><\/p>\n<p>PUBLICIDAD TOTAL TUR\u00cdSTICA S. C., con domicilio en Guadalajara, Jalisco, es responsable de recabar sus datos personales, del uso que se le d\u00e9 a los mismos y de su protecci\u00f3n.<\/p>\n<p>Su informaci\u00f3n personal ser\u00e1 utilizada para proveer los servicios y productos que ha solicitado, informarle sobre cambios en los mismos y evaluar la calidad del servicio que le brindamos.<\/p>\n<p>Para las finalidades antes mencionadas, requerimos obtener los siguientes datos personales: [dato 1], [dato 2], considerado como sensible seg\u00fan la Ley Federal de Protecci\u00f3n de Datos Personales en Posesi\u00f3n de los Particulares, [dato 3] y [dato 4].<\/p>\n<p>Usted tiene derecho de acceder, rectificar y cancelar sus datos personales, as\u00ed como de oponerse al tratamiento de los mismos o revocar el consentimiento que para tal fin nos haya otorgado, a trav\u00e9s de los procedimientos que hemos implementado. Para conocer dichos procedimientos, los requisitos y plazos, se puede poner en contacto con nuestro departamento de datos personales en\u00a0<a href=\"mailto:comunidadturistica@distribuciondinamica.com\">comunidadturistica@distribuciondinamica.com<\/a><\/p>\n<p>Si usted desea dejar de recibir mensajes promocionales de nuestra parte puede solicitarlo a trav\u00e9s de\u00a0<a href=\"mailto:unsuscribe@distribuciondinamica.com\">unsuscribe@distribuciondinamica.com<\/a><\/p>\n<p>Cualquier modificaci\u00f3n a este aviso de privacidad podr\u00e1 consultarla en\u00a0<a href=\"http:\/\/www.distribuciondinamica.com\/\">www.distribuciondinamica.com<\/a><\/p>\n<p>Fecha \u00faltima actualizaci\u00f3n 27\/mayo\/2013.<\/p>\n","protected":false},"excerpt":{"rendered":"<p>AVISO DE PRIVACIDAD PUBLICIDAD TOTAL TUR\u00cdSTICA S. C., con domicilio en Guadalajara, Jalisco, es responsable de recabar sus datos personales, del uso que se le&#8230;<\/p>\n","protected":false},"author":1,"featured_media":0,"parent":41,"menu_order":0,"comment_status":"open","ping_status":"closed","template":"","meta":{"footnotes":""},"class_list":["post-1781","page","type-page","status-publish","hentry"],"_links":{"self":[{"href":"http:\/\/www.distribuciondinamica.com\/index.php?rest_route=\/wp\/v2\/pages\/1781","targetHints":{"allow":["GET"]}}],"collection":[{"href":"http:\/\/www.distribuciondinamica.com\/index.php?rest_route=\/wp\/v2\/pages"}],"about":[{"href":"http:\/\/www.distribuciondinamica.com\/index.php?rest_route=\/wp\/v2\/types\/page"}],"author":[{"embeddable":true,"href":"http:\/\/www.distribuciondinamica.com\/index.php?rest_route=\/wp\/v2\/users\/1"}],"replies":[{"embeddable":true,"href":"http:\/\/www.distribuciondinamica.com\/index.php?rest_route=%2Fwp%2Fv2%2Fcomments&post=1781"}],"version-history":[{"count":0,"href":"http:\/\/www.distribuciondinamica.com\/index.php?rest_route=\/wp\/v2\/pages\/1781\/revisions"}],"up":[{"embeddable":true,"href":"http:\/\/www.distribuciondinamica.com\/index.php?rest_route=\/wp\/v2\/pages\/41"}],"wp:attachment":[{"href":"http:\/\/www.distribuciondinamica.com\/index.php?rest_route=%2Fwp%2Fv2%2Fmedia&parent=1781"}],"curies":[{"name":"wp","href":"https:\/\/api.w.org\/{rel}","templated":true}]}}